{"id":84,"date":"2021-11-28T15:07:58","date_gmt":"2021-11-28T15:07:58","guid":{"rendered":"https:\/\/mariaozawa.asia\/vn\/?page_id=84"},"modified":"2022-01-19T08:42:22","modified_gmt":"2022-01-19T08:42:22","slug":"news","status":"publish","type":"page","link":"https:\/\/mariaozawa.asia\/vn\/news\/","title":{"rendered":"Tin T\u1ee9c"},"content":{"rendered":"","protected":false},"excerpt":{"rendered":"","protected":false},"author":1,"featured_media":0,"parent":0,"menu_order":0,"comment_status":"closed","ping_status":"closed","template":"","meta":{"footnotes":""},"class_list":["post-84","page","type-page","status-publish","hentry"],"yoast_head":"<!-- This site is optimized with the Yoast SEO plugin v17.7.1 - https:\/\/yoast.com\/wordpress\/plugins\/seo\/ -->\n<title>M88 CH\u00c0O M\u1eeaNG MARIA OZAWA<\/title>\n<meta name=\"description\" content=\"Xem t\u1ea1i \u0111\u00e2y \u0111\u1ec3 c\u1eadp nh\u1eadt, tin t\u1ee9c v\u00e0 bi\u1ebft v\u1ec1 nh\u1eefng s\u1ea3n ph\u1ea9m g\u00f3p m\u1eb7t \u0111\u1ea1i s\u1ee9 m\u1ea1ng x\u00e3 h\u1ed9i c\u1ee7a M88, Maria Ozawa.\" \/>\n<meta name=\"robots\" content=\"index, follow, max-snippet:-1, max-image-preview:large, max-video-preview:-1\" \/>\n<link rel=\"canonical\" href=\"https:\/\/mariaozawa.asia\/vn\/news\/\" \/>\n<meta property=\"og:locale\" content=\"vi_VN\" \/>\n<meta property=\"og:type\" content=\"article\" \/>\n<meta property=\"og:title\" content=\"M88 CH\u00c0O M\u1eeaNG MARIA OZAWA\" \/>\n<meta property=\"og:description\" content=\"Xem t\u1ea1i \u0111\u00e2y \u0111\u1ec3 c\u1eadp nh\u1eadt, tin t\u1ee9c v\u00e0 bi\u1ebft v\u1ec1 nh\u1eefng s\u1ea3n ph\u1ea9m g\u00f3p m\u1eb7t \u0111\u1ea1i s\u1ee9 m\u1ea1ng x\u00e3 h\u1ed9i c\u1ee7a M88, Maria Ozawa.\" \/>\n<meta property=\"og:url\" content=\"https:\/\/mariaozawa.asia\/vn\/news\/\" \/>\n<meta property=\"og:site_name\" content=\"Maria&#039;s Diary\" \/>\n<meta property=\"article:publisher\" content=\"https:\/\/www.facebook.com\/ozawamariaaa\" \/>\n<meta property=\"article:modified_time\" content=\"2022-01-19T08:42:22+00:00\" \/>\n<meta name=\"twitter:card\" content=\"summary_large_image\" \/>\n<meta name=\"twitter:site\" content=\"@M88Malaysia\" \/>\n<script type=\"application\/ld+json\" class=\"yoast-schema-graph\">{\"@context\":\"https:\/\/schema.org\",\"@graph\":[{\"@type\":\"Organization\",\"@id\":\"https:\/\/mariaozawa.asia\/vn\/#organization\",\"name\":\"Marias Room\",\"url\":\"https:\/\/mariaozawa.asia\/vn\/\",\"sameAs\":[\"https:\/\/www.facebook.com\/ozawamariaaa\",\"https:\/\/www.instagram.com\/m88malaysia\",\"https:\/\/www.youtube.com\/channel\/UCuDK9Olj_sNaqLzSCyJkZKQ\",\"https:\/\/twitter.com\/M88Malaysia\"],\"logo\":{\"@type\":\"ImageObject\",\"@id\":\"https:\/\/mariaozawa.asia\/vn\/#logo\",\"inLanguage\":\"vi\",\"url\":\"https:\/\/mariaozawa.asia\/vn\/wp-content\/uploads\/2021\/12\/image_2021_12_01T01_27_04_311Z.png\",\"contentUrl\":\"https:\/\/mariaozawa.asia\/vn\/wp-content\/uploads\/2021\/12\/image_2021_12_01T01_27_04_311Z.png\",\"width\":142,\"height\":78,\"caption\":\"Marias Room\"},\"image\":{\"@id\":\"https:\/\/mariaozawa.asia\/vn\/#logo\"}},{\"@type\":\"WebSite\",\"@id\":\"https:\/\/mariaozawa.asia\/vn\/#website\",\"url\":\"https:\/\/mariaozawa.asia\/vn\/\",\"name\":\"Maria&#039;s Diary\",\"description\":\"V\\u00e0o trang Maria Room v\\u00e0 t\\u00ecm hi\\u1ec3u th\\u00eam v\\u1ec1 Maria Ozawa\",\"publisher\":{\"@id\":\"https:\/\/mariaozawa.asia\/vn\/#organization\"},\"potentialAction\":[{\"@type\":\"SearchAction\",\"target\":{\"@type\":\"EntryPoint\",\"urlTemplate\":\"https:\/\/mariaozawa.asia\/vn\/?s={search_term_string}\"},\"query-input\":\"required name=search_term_string\"}],\"inLanguage\":\"vi\"},{\"@type\":\"WebPage\",\"@id\":\"https:\/\/mariaozawa.asia\/vn\/news\/#webpage\",\"url\":\"https:\/\/mariaozawa.asia\/vn\/news\/\",\"name\":\"M88 CH\\u00c0O M\\u1eeaNG MARIA OZAWA\",\"isPartOf\":{\"@id\":\"https:\/\/mariaozawa.asia\/vn\/#website\"},\"datePublished\":\"2021-11-28T15:07:58+00:00\",\"dateModified\":\"2022-01-19T08:42:22+00:00\",\"description\":\"Xem t\\u1ea1i \\u0111\\u00e2y \\u0111\\u1ec3 c\\u1eadp nh\\u1eadt, tin t\\u1ee9c v\\u00e0 bi\\u1ebft v\\u1ec1 nh\\u1eefng s\\u1ea3n ph\\u1ea9m g\\u00f3p m\\u1eb7t \\u0111\\u1ea1i s\\u1ee9 m\\u1ea1ng x\\u00e3 h\\u1ed9i c\\u1ee7a M88, Maria Ozawa.\",\"breadcrumb\":{\"@id\":\"https:\/\/mariaozawa.asia\/vn\/news\/#breadcrumb\"},\"inLanguage\":\"vi\",\"potentialAction\":[{\"@type\":\"ReadAction\",\"target\":[\"https:\/\/mariaozawa.asia\/vn\/news\/\"]}]},{\"@type\":\"BreadcrumbList\",\"@id\":\"https:\/\/mariaozawa.asia\/vn\/news\/#breadcrumb\",\"itemListElement\":[{\"@type\":\"ListItem\",\"position\":1,\"name\":\"Trang ch\\u1ee7\",\"item\":\"https:\/\/mariaozawa.asia\/vn\/\"},{\"@type\":\"ListItem\",\"position\":2,\"name\":\"Tin T\\u1ee9c\"}]}]}<\/script>\n<!-- \/ Yoast SEO plugin. -->","yoast_head_json":{"title":"M88 CH\u00c0O M\u1eeaNG MARIA OZAWA","description":"Xem t\u1ea1i \u0111\u00e2y \u0111\u1ec3 c\u1eadp nh\u1eadt, tin t\u1ee9c v\u00e0 bi\u1ebft v\u1ec1 nh\u1eefng s\u1ea3n ph\u1ea9m g\u00f3p m\u1eb7t \u0111\u1ea1i s\u1ee9 m\u1ea1ng x\u00e3 h\u1ed9i c\u1ee7a M88, Maria Ozawa.","robots":{"index":"index","follow":"follow","max-snippet":"max-snippet:-1","max-image-preview":"max-image-preview:large","max-video-preview":"max-video-preview:-1"},"canonical":"https:\/\/mariaozawa.asia\/vn\/news\/","og_locale":"vi_VN","og_type":"article","og_title":"M88 CH\u00c0O M\u1eeaNG MARIA OZAWA","og_description":"Xem t\u1ea1i \u0111\u00e2y \u0111\u1ec3 c\u1eadp nh\u1eadt, tin t\u1ee9c v\u00e0 bi\u1ebft v\u1ec1 nh\u1eefng s\u1ea3n ph\u1ea9m g\u00f3p m\u1eb7t \u0111\u1ea1i s\u1ee9 m\u1ea1ng x\u00e3 h\u1ed9i c\u1ee7a M88, Maria Ozawa.","og_url":"https:\/\/mariaozawa.asia\/vn\/news\/","og_site_name":"Maria&#039;s Diary","article_publisher":"https:\/\/www.facebook.com\/ozawamariaaa","article_modified_time":"2022-01-19T08:42:22+00:00","twitter_card":"summary_large_image","twitter_site":"@M88Malaysia","schema":{"@context":"https:\/\/schema.org","@graph":[{"@type":"Organization","@id":"https:\/\/mariaozawa.asia\/vn\/#organization","name":"Marias Room","url":"https:\/\/mariaozawa.asia\/vn\/","sameAs":["https:\/\/www.facebook.com\/ozawamariaaa","https:\/\/www.instagram.com\/m88malaysia","https:\/\/www.youtube.com\/channel\/UCuDK9Olj_sNaqLzSCyJkZKQ","https:\/\/twitter.com\/M88Malaysia"],"logo":{"@type":"ImageObject","@id":"https:\/\/mariaozawa.asia\/vn\/#logo","inLanguage":"vi","url":"https:\/\/mariaozawa.asia\/vn\/wp-content\/uploads\/2021\/12\/image_2021_12_01T01_27_04_311Z.png","contentUrl":"https:\/\/mariaozawa.asia\/vn\/wp-content\/uploads\/2021\/12\/image_2021_12_01T01_27_04_311Z.png","width":142,"height":78,"caption":"Marias Room"},"image":{"@id":"https:\/\/mariaozawa.asia\/vn\/#logo"}},{"@type":"WebSite","@id":"https:\/\/mariaozawa.asia\/vn\/#website","url":"https:\/\/mariaozawa.asia\/vn\/","name":"Maria&#039;s Diary","description":"V\u00e0o trang Maria Room v\u00e0 t\u00ecm hi\u1ec3u th\u00eam v\u1ec1 Maria Ozawa","publisher":{"@id":"https:\/\/mariaozawa.asia\/vn\/#organization"},"potentialAction":[{"@type":"SearchAction","target":{"@type":"EntryPoint","urlTemplate":"https:\/\/mariaozawa.asia\/vn\/?s={search_term_string}"},"query-input":"required name=search_term_string"}],"inLanguage":"vi"},{"@type":"WebPage","@id":"https:\/\/mariaozawa.asia\/vn\/news\/#webpage","url":"https:\/\/mariaozawa.asia\/vn\/news\/","name":"M88 CH\u00c0O M\u1eeaNG MARIA OZAWA","isPartOf":{"@id":"https:\/\/mariaozawa.asia\/vn\/#website"},"datePublished":"2021-11-28T15:07:58+00:00","dateModified":"2022-01-19T08:42:22+00:00","description":"Xem t\u1ea1i \u0111\u00e2y \u0111\u1ec3 c\u1eadp nh\u1eadt, tin t\u1ee9c v\u00e0 bi\u1ebft v\u1ec1 nh\u1eefng s\u1ea3n ph\u1ea9m g\u00f3p m\u1eb7t \u0111\u1ea1i s\u1ee9 m\u1ea1ng x\u00e3 h\u1ed9i c\u1ee7a M88, Maria Ozawa.","breadcrumb":{"@id":"https:\/\/mariaozawa.asia\/vn\/news\/#breadcrumb"},"inLanguage":"vi","potentialAction":[{"@type":"ReadAction","target":["https:\/\/mariaozawa.asia\/vn\/news\/"]}]},{"@type":"BreadcrumbList","@id":"https:\/\/mariaozawa.asia\/vn\/news\/#breadcrumb","itemListElement":[{"@type":"ListItem","position":1,"name":"Trang ch\u1ee7","item":"https:\/\/mariaozawa.asia\/vn\/"},{"@type":"ListItem","position":2,"name":"Tin T\u1ee9c"}]}]}},"_links":{"self":[{"href":"https:\/\/mariaozawa.asia\/vn\/wp-json\/wp\/v2\/pages\/84","targetHints":{"allow":["GET"]}}],"collection":[{"href":"https:\/\/mariaozawa.asia\/vn\/wp-json\/wp\/v2\/pages"}],"about":[{"href":"https:\/\/mariaozawa.asia\/vn\/wp-json\/wp\/v2\/types\/page"}],"author":[{"embeddable":true,"href":"https:\/\/mariaozawa.asia\/vn\/wp-json\/wp\/v2\/users\/1"}],"replies":[{"embeddable":true,"href":"https:\/\/mariaozawa.asia\/vn\/wp-json\/wp\/v2\/comments?post=84"}],"version-history":[{"count":3,"href":"https:\/\/mariaozawa.asia\/vn\/wp-json\/wp\/v2\/pages\/84\/revisions"}],"predecessor-version":[{"id":220,"href":"https:\/\/mariaozawa.asia\/vn\/wp-json\/wp\/v2\/pages\/84\/revisions\/220"}],"wp:attachment":[{"href":"https:\/\/mariaozawa.asia\/vn\/wp-json\/wp\/v2\/media?parent=84"}],"curies":[{"name":"wp","href":"https:\/\/api.w.org\/{rel}","templated":true}]}}