{"id":86,"date":"2021-11-28T15:08:06","date_gmt":"2021-11-28T15:08:06","guid":{"rendered":"https:\/\/mariaozawa.asia\/vn\/?page_id=86"},"modified":"2022-01-19T08:29:14","modified_gmt":"2022-01-19T08:29:14","slug":"maria-choice","status":"publish","type":"page","link":"https:\/\/mariaozawa.asia\/vn\/maria-choice\/","title":{"rendered":"Maria Choice"},"content":{"rendered":"","protected":false},"excerpt":{"rendered":"","protected":false},"author":1,"featured_media":0,"parent":0,"menu_order":0,"comment_status":"closed","ping_status":"closed","template":"","meta":{"footnotes":""},"class_list":["post-86","page","type-page","status-publish","hentry"],"yoast_head":"<!-- This site is optimized with the Yoast SEO plugin v17.7.1 - https:\/\/yoast.com\/wordpress\/plugins\/seo\/ -->\n<title>Maria chia s\u1ebb nh\u1eefng \u0111\u00e1nh gi\u00e1 v\u1ec1 game v\u00e0 l\u1ef1a ch\u1ecdn h\u00e0ng \u0111\u1ea7u c\u1ee7a m\u00ecnh<\/title>\n<meta name=\"description\" content=\"Ch\u1ecdn L\u1ef1a C\u1ee7a Maria g\u1ed3m nh\u1eefng tr\u00f2 ch\u01a1i do Maria Ozawa \u0111\u1ec1 xu\u1ea5t. Trong \u0111\u1ea5y bao g\u1ed3m nh\u1eefng \u0111\u00e1nh gi\u00e1 c\u1ee7a c\u00f4 v\u1ec1 c\u00e1c tr\u00f2 ch\u01a1i thu\u1ed9c Pragmatic Play v\u00e0 nh\u1eefng tr\u00f2 thu\u1ed9c iGaming.\" \/>\n<meta name=\"robots\" content=\"index, follow, max-snippet:-1, max-image-preview:large, max-video-preview:-1\" \/>\n<link rel=\"canonical\" href=\"https:\/\/mariaozawa.asia\/vn\/maria-choice\/\" \/>\n<meta property=\"og:locale\" content=\"vi_VN\" \/>\n<meta property=\"og:type\" content=\"article\" \/>\n<meta property=\"og:title\" content=\"Maria chia s\u1ebb nh\u1eefng \u0111\u00e1nh gi\u00e1 v\u1ec1 game v\u00e0 l\u1ef1a ch\u1ecdn h\u00e0ng \u0111\u1ea7u c\u1ee7a m\u00ecnh\" \/>\n<meta property=\"og:description\" content=\"Ch\u1ecdn L\u1ef1a C\u1ee7a Maria g\u1ed3m nh\u1eefng tr\u00f2 ch\u01a1i do Maria Ozawa \u0111\u1ec1 xu\u1ea5t. Trong \u0111\u1ea5y bao g\u1ed3m nh\u1eefng \u0111\u00e1nh gi\u00e1 c\u1ee7a c\u00f4 v\u1ec1 c\u00e1c tr\u00f2 ch\u01a1i thu\u1ed9c Pragmatic Play v\u00e0 nh\u1eefng tr\u00f2 thu\u1ed9c iGaming.\" \/>\n<meta property=\"og:url\" content=\"https:\/\/mariaozawa.asia\/vn\/maria-choice\/\" \/>\n<meta property=\"og:site_name\" content=\"Maria&#039;s Diary\" \/>\n<meta property=\"article:publisher\" content=\"https:\/\/www.facebook.com\/ozawamariaaa\" \/>\n<meta property=\"article:modified_time\" content=\"2022-01-19T08:29:14+00:00\" \/>\n<meta name=\"twitter:card\" content=\"summary_large_image\" \/>\n<meta name=\"twitter:site\" content=\"@M88Malaysia\" \/>\n<script type=\"application\/ld+json\" class=\"yoast-schema-graph\">{\"@context\":\"https:\/\/schema.org\",\"@graph\":[{\"@type\":\"Organization\",\"@id\":\"https:\/\/mariaozawa.asia\/vn\/#organization\",\"name\":\"Marias Room\",\"url\":\"https:\/\/mariaozawa.asia\/vn\/\",\"sameAs\":[\"https:\/\/www.facebook.com\/ozawamariaaa\",\"https:\/\/www.instagram.com\/m88malaysia\",\"https:\/\/www.youtube.com\/channel\/UCuDK9Olj_sNaqLzSCyJkZKQ\",\"https:\/\/twitter.com\/M88Malaysia\"],\"logo\":{\"@type\":\"ImageObject\",\"@id\":\"https:\/\/mariaozawa.asia\/vn\/#logo\",\"inLanguage\":\"vi\",\"url\":\"https:\/\/mariaozawa.asia\/vn\/wp-content\/uploads\/2021\/12\/image_2021_12_01T01_27_04_311Z.png\",\"contentUrl\":\"https:\/\/mariaozawa.asia\/vn\/wp-content\/uploads\/2021\/12\/image_2021_12_01T01_27_04_311Z.png\",\"width\":142,\"height\":78,\"caption\":\"Marias Room\"},\"image\":{\"@id\":\"https:\/\/mariaozawa.asia\/vn\/#logo\"}},{\"@type\":\"WebSite\",\"@id\":\"https:\/\/mariaozawa.asia\/vn\/#website\",\"url\":\"https:\/\/mariaozawa.asia\/vn\/\",\"name\":\"Maria&#039;s Diary\",\"description\":\"V\\u00e0o trang Maria Room v\\u00e0 t\\u00ecm hi\\u1ec3u th\\u00eam v\\u1ec1 Maria Ozawa\",\"publisher\":{\"@id\":\"https:\/\/mariaozawa.asia\/vn\/#organization\"},\"potentialAction\":[{\"@type\":\"SearchAction\",\"target\":{\"@type\":\"EntryPoint\",\"urlTemplate\":\"https:\/\/mariaozawa.asia\/vn\/?s={search_term_string}\"},\"query-input\":\"required name=search_term_string\"}],\"inLanguage\":\"vi\"},{\"@type\":\"WebPage\",\"@id\":\"https:\/\/mariaozawa.asia\/vn\/maria-choice\/#webpage\",\"url\":\"https:\/\/mariaozawa.asia\/vn\/maria-choice\/\",\"name\":\"Maria chia s\\u1ebb nh\\u1eefng \\u0111\\u00e1nh gi\\u00e1 v\\u1ec1 game v\\u00e0 l\\u1ef1a ch\\u1ecdn h\\u00e0ng \\u0111\\u1ea7u c\\u1ee7a m\\u00ecnh\",\"isPartOf\":{\"@id\":\"https:\/\/mariaozawa.asia\/vn\/#website\"},\"datePublished\":\"2021-11-28T15:08:06+00:00\",\"dateModified\":\"2022-01-19T08:29:14+00:00\",\"description\":\"Ch\\u1ecdn L\\u1ef1a C\\u1ee7a Maria g\\u1ed3m nh\\u1eefng tr\\u00f2 ch\\u01a1i do Maria Ozawa \\u0111\\u1ec1 xu\\u1ea5t. Trong \\u0111\\u1ea5y bao g\\u1ed3m nh\\u1eefng \\u0111\\u00e1nh gi\\u00e1 c\\u1ee7a c\\u00f4 v\\u1ec1 c\\u00e1c tr\\u00f2 ch\\u01a1i thu\\u1ed9c Pragmatic Play v\\u00e0 nh\\u1eefng tr\\u00f2 thu\\u1ed9c iGaming.\",\"breadcrumb\":{\"@id\":\"https:\/\/mariaozawa.asia\/vn\/maria-choice\/#breadcrumb\"},\"inLanguage\":\"vi\",\"potentialAction\":[{\"@type\":\"ReadAction\",\"target\":[\"https:\/\/mariaozawa.asia\/vn\/maria-choice\/\"]}]},{\"@type\":\"BreadcrumbList\",\"@id\":\"https:\/\/mariaozawa.asia\/vn\/maria-choice\/#breadcrumb\",\"itemListElement\":[{\"@type\":\"ListItem\",\"position\":1,\"name\":\"Trang ch\\u1ee7\",\"item\":\"https:\/\/mariaozawa.asia\/vn\/\"},{\"@type\":\"ListItem\",\"position\":2,\"name\":\"Maria Choice\"}]}]}<\/script>\n<!-- \/ Yoast SEO plugin. -->","yoast_head_json":{"title":"Maria chia s\u1ebb nh\u1eefng \u0111\u00e1nh gi\u00e1 v\u1ec1 game v\u00e0 l\u1ef1a ch\u1ecdn h\u00e0ng \u0111\u1ea7u c\u1ee7a m\u00ecnh","description":"Ch\u1ecdn L\u1ef1a C\u1ee7a Maria g\u1ed3m nh\u1eefng tr\u00f2 ch\u01a1i do Maria Ozawa \u0111\u1ec1 xu\u1ea5t. Trong \u0111\u1ea5y bao g\u1ed3m nh\u1eefng \u0111\u00e1nh gi\u00e1 c\u1ee7a c\u00f4 v\u1ec1 c\u00e1c tr\u00f2 ch\u01a1i thu\u1ed9c Pragmatic Play v\u00e0 nh\u1eefng tr\u00f2 thu\u1ed9c iGaming.","robots":{"index":"index","follow":"follow","max-snippet":"max-snippet:-1","max-image-preview":"max-image-preview:large","max-video-preview":"max-video-preview:-1"},"canonical":"https:\/\/mariaozawa.asia\/vn\/maria-choice\/","og_locale":"vi_VN","og_type":"article","og_title":"Maria chia s\u1ebb nh\u1eefng \u0111\u00e1nh gi\u00e1 v\u1ec1 game v\u00e0 l\u1ef1a ch\u1ecdn h\u00e0ng \u0111\u1ea7u c\u1ee7a m\u00ecnh","og_description":"Ch\u1ecdn L\u1ef1a C\u1ee7a Maria g\u1ed3m nh\u1eefng tr\u00f2 ch\u01a1i do Maria Ozawa \u0111\u1ec1 xu\u1ea5t. Trong \u0111\u1ea5y bao g\u1ed3m nh\u1eefng \u0111\u00e1nh gi\u00e1 c\u1ee7a c\u00f4 v\u1ec1 c\u00e1c tr\u00f2 ch\u01a1i thu\u1ed9c Pragmatic Play v\u00e0 nh\u1eefng tr\u00f2 thu\u1ed9c iGaming.","og_url":"https:\/\/mariaozawa.asia\/vn\/maria-choice\/","og_site_name":"Maria&#039;s Diary","article_publisher":"https:\/\/www.facebook.com\/ozawamariaaa","article_modified_time":"2022-01-19T08:29:14+00:00","twitter_card":"summary_large_image","twitter_site":"@M88Malaysia","schema":{"@context":"https:\/\/schema.org","@graph":[{"@type":"Organization","@id":"https:\/\/mariaozawa.asia\/vn\/#organization","name":"Marias Room","url":"https:\/\/mariaozawa.asia\/vn\/","sameAs":["https:\/\/www.facebook.com\/ozawamariaaa","https:\/\/www.instagram.com\/m88malaysia","https:\/\/www.youtube.com\/channel\/UCuDK9Olj_sNaqLzSCyJkZKQ","https:\/\/twitter.com\/M88Malaysia"],"logo":{"@type":"ImageObject","@id":"https:\/\/mariaozawa.asia\/vn\/#logo","inLanguage":"vi","url":"https:\/\/mariaozawa.asia\/vn\/wp-content\/uploads\/2021\/12\/image_2021_12_01T01_27_04_311Z.png","contentUrl":"https:\/\/mariaozawa.asia\/vn\/wp-content\/uploads\/2021\/12\/image_2021_12_01T01_27_04_311Z.png","width":142,"height":78,"caption":"Marias Room"},"image":{"@id":"https:\/\/mariaozawa.asia\/vn\/#logo"}},{"@type":"WebSite","@id":"https:\/\/mariaozawa.asia\/vn\/#website","url":"https:\/\/mariaozawa.asia\/vn\/","name":"Maria&#039;s Diary","description":"V\u00e0o trang Maria Room v\u00e0 t\u00ecm hi\u1ec3u th\u00eam v\u1ec1 Maria Ozawa","publisher":{"@id":"https:\/\/mariaozawa.asia\/vn\/#organization"},"potentialAction":[{"@type":"SearchAction","target":{"@type":"EntryPoint","urlTemplate":"https:\/\/mariaozawa.asia\/vn\/?s={search_term_string}"},"query-input":"required name=search_term_string"}],"inLanguage":"vi"},{"@type":"WebPage","@id":"https:\/\/mariaozawa.asia\/vn\/maria-choice\/#webpage","url":"https:\/\/mariaozawa.asia\/vn\/maria-choice\/","name":"Maria chia s\u1ebb nh\u1eefng \u0111\u00e1nh gi\u00e1 v\u1ec1 game v\u00e0 l\u1ef1a ch\u1ecdn h\u00e0ng \u0111\u1ea7u c\u1ee7a m\u00ecnh","isPartOf":{"@id":"https:\/\/mariaozawa.asia\/vn\/#website"},"datePublished":"2021-11-28T15:08:06+00:00","dateModified":"2022-01-19T08:29:14+00:00","description":"Ch\u1ecdn L\u1ef1a C\u1ee7a Maria g\u1ed3m nh\u1eefng tr\u00f2 ch\u01a1i do Maria Ozawa \u0111\u1ec1 xu\u1ea5t. Trong \u0111\u1ea5y bao g\u1ed3m nh\u1eefng \u0111\u00e1nh gi\u00e1 c\u1ee7a c\u00f4 v\u1ec1 c\u00e1c tr\u00f2 ch\u01a1i thu\u1ed9c Pragmatic Play v\u00e0 nh\u1eefng tr\u00f2 thu\u1ed9c iGaming.","breadcrumb":{"@id":"https:\/\/mariaozawa.asia\/vn\/maria-choice\/#breadcrumb"},"inLanguage":"vi","potentialAction":[{"@type":"ReadAction","target":["https:\/\/mariaozawa.asia\/vn\/maria-choice\/"]}]},{"@type":"BreadcrumbList","@id":"https:\/\/mariaozawa.asia\/vn\/maria-choice\/#breadcrumb","itemListElement":[{"@type":"ListItem","position":1,"name":"Trang ch\u1ee7","item":"https:\/\/mariaozawa.asia\/vn\/"},{"@type":"ListItem","position":2,"name":"Maria Choice"}]}]}},"_links":{"self":[{"href":"https:\/\/mariaozawa.asia\/vn\/wp-json\/wp\/v2\/pages\/86","targetHints":{"allow":["GET"]}}],"collection":[{"href":"https:\/\/mariaozawa.asia\/vn\/wp-json\/wp\/v2\/pages"}],"about":[{"href":"https:\/\/mariaozawa.asia\/vn\/wp-json\/wp\/v2\/types\/page"}],"author":[{"embeddable":true,"href":"https:\/\/mariaozawa.asia\/vn\/wp-json\/wp\/v2\/users\/1"}],"replies":[{"embeddable":true,"href":"https:\/\/mariaozawa.asia\/vn\/wp-json\/wp\/v2\/comments?post=86"}],"version-history":[{"count":1,"href":"https:\/\/mariaozawa.asia\/vn\/wp-json\/wp\/v2\/pages\/86\/revisions"}],"predecessor-version":[{"id":87,"href":"https:\/\/mariaozawa.asia\/vn\/wp-json\/wp\/v2\/pages\/86\/revisions\/87"}],"wp:attachment":[{"href":"https:\/\/mariaozawa.asia\/vn\/wp-json\/wp\/v2\/media?parent=86"}],"curies":[{"name":"wp","href":"https:\/\/api.w.org\/{rel}","templated":true}]}}