{"id":88,"date":"2021-11-28T15:08:14","date_gmt":"2021-11-28T15:08:14","guid":{"rendered":"https:\/\/mariaozawa.asia\/vn\/?page_id=88"},"modified":"2022-01-19T08:30:44","modified_gmt":"2022-01-19T08:30:44","slug":"gallery","status":"publish","type":"page","link":"https:\/\/mariaozawa.asia\/vn\/gallery\/","title":{"rendered":"Gallery"},"content":{"rendered":"","protected":false},"excerpt":{"rendered":"","protected":false},"author":1,"featured_media":0,"parent":0,"menu_order":0,"comment_status":"closed","ping_status":"closed","template":"","meta":{"footnotes":""},"class_list":["post-88","page","type-page","status-publish","hentry"],"yoast_head":"<!-- This site is optimized with the Yoast SEO plugin v17.7.1 - https:\/\/yoast.com\/wordpress\/plugins\/seo\/ -->\n<title>Kho \u1ea3nh c\u1ee7a di\u1ec5n vi\u00ean phim ng\u01b0\u1eddi l\u1edbn Ch\u00e2u \u00c1 Maria Ozawa<\/title>\n<meta name=\"description\" content=\"Xem v\u00e0 t\u1ea3i nh\u1eefng video c\u00f3 s\u1ef1 xu\u1ea5t hi\u1ec7n c\u1ee7a \u0111\u1ed1i t\u00e1c m\u1ea1ng x\u00e3 h\u1ed9i c\u1ee7a M88 Mansion, Maria Ozawa. Ch\u00fang t\u00f4i c\u00f3 t\u1ea5t c\u1ea3 trong Ph\u00f2ng c\u1ee7a Maria.\" \/>\n<meta name=\"robots\" content=\"index, follow, max-snippet:-1, max-image-preview:large, max-video-preview:-1\" \/>\n<link rel=\"canonical\" href=\"https:\/\/mariaozawa.asia\/vn\/gallery\/\" \/>\n<meta property=\"og:locale\" content=\"vi_VN\" \/>\n<meta property=\"og:type\" content=\"article\" \/>\n<meta property=\"og:title\" content=\"Kho \u1ea3nh c\u1ee7a di\u1ec5n vi\u00ean phim ng\u01b0\u1eddi l\u1edbn Ch\u00e2u \u00c1 Maria Ozawa\" \/>\n<meta property=\"og:description\" content=\"Xem v\u00e0 t\u1ea3i nh\u1eefng video c\u00f3 s\u1ef1 xu\u1ea5t hi\u1ec7n c\u1ee7a \u0111\u1ed1i t\u00e1c m\u1ea1ng x\u00e3 h\u1ed9i c\u1ee7a M88 Mansion, Maria Ozawa. Ch\u00fang t\u00f4i c\u00f3 t\u1ea5t c\u1ea3 trong Ph\u00f2ng c\u1ee7a Maria.\" \/>\n<meta property=\"og:url\" content=\"https:\/\/mariaozawa.asia\/vn\/gallery\/\" \/>\n<meta property=\"og:site_name\" content=\"Maria&#039;s Diary\" \/>\n<meta property=\"article:publisher\" content=\"https:\/\/www.facebook.com\/ozawamariaaa\" \/>\n<meta property=\"article:modified_time\" content=\"2022-01-19T08:30:44+00:00\" \/>\n<meta name=\"twitter:card\" content=\"summary_large_image\" \/>\n<meta name=\"twitter:site\" content=\"@M88Malaysia\" \/>\n<script type=\"application\/ld+json\" class=\"yoast-schema-graph\">{\"@context\":\"https:\/\/schema.org\",\"@graph\":[{\"@type\":\"Organization\",\"@id\":\"https:\/\/mariaozawa.asia\/vn\/#organization\",\"name\":\"Marias Room\",\"url\":\"https:\/\/mariaozawa.asia\/vn\/\",\"sameAs\":[\"https:\/\/www.facebook.com\/ozawamariaaa\",\"https:\/\/www.instagram.com\/m88malaysia\",\"https:\/\/www.youtube.com\/channel\/UCuDK9Olj_sNaqLzSCyJkZKQ\",\"https:\/\/twitter.com\/M88Malaysia\"],\"logo\":{\"@type\":\"ImageObject\",\"@id\":\"https:\/\/mariaozawa.asia\/vn\/#logo\",\"inLanguage\":\"vi\",\"url\":\"https:\/\/mariaozawa.asia\/vn\/wp-content\/uploads\/2021\/12\/image_2021_12_01T01_27_04_311Z.png\",\"contentUrl\":\"https:\/\/mariaozawa.asia\/vn\/wp-content\/uploads\/2021\/12\/image_2021_12_01T01_27_04_311Z.png\",\"width\":142,\"height\":78,\"caption\":\"Marias Room\"},\"image\":{\"@id\":\"https:\/\/mariaozawa.asia\/vn\/#logo\"}},{\"@type\":\"WebSite\",\"@id\":\"https:\/\/mariaozawa.asia\/vn\/#website\",\"url\":\"https:\/\/mariaozawa.asia\/vn\/\",\"name\":\"Maria&#039;s Diary\",\"description\":\"V\\u00e0o trang Maria Room v\\u00e0 t\\u00ecm hi\\u1ec3u th\\u00eam v\\u1ec1 Maria Ozawa\",\"publisher\":{\"@id\":\"https:\/\/mariaozawa.asia\/vn\/#organization\"},\"potentialAction\":[{\"@type\":\"SearchAction\",\"target\":{\"@type\":\"EntryPoint\",\"urlTemplate\":\"https:\/\/mariaozawa.asia\/vn\/?s={search_term_string}\"},\"query-input\":\"required name=search_term_string\"}],\"inLanguage\":\"vi\"},{\"@type\":\"WebPage\",\"@id\":\"https:\/\/mariaozawa.asia\/vn\/gallery\/#webpage\",\"url\":\"https:\/\/mariaozawa.asia\/vn\/gallery\/\",\"name\":\"Kho \\u1ea3nh c\\u1ee7a di\\u1ec5n vi\\u00ean phim ng\\u01b0\\u1eddi l\\u1edbn Ch\\u00e2u \\u00c1 Maria Ozawa\",\"isPartOf\":{\"@id\":\"https:\/\/mariaozawa.asia\/vn\/#website\"},\"datePublished\":\"2021-11-28T15:08:14+00:00\",\"dateModified\":\"2022-01-19T08:30:44+00:00\",\"description\":\"Xem v\\u00e0 t\\u1ea3i nh\\u1eefng video c\\u00f3 s\\u1ef1 xu\\u1ea5t hi\\u1ec7n c\\u1ee7a \\u0111\\u1ed1i t\\u00e1c m\\u1ea1ng x\\u00e3 h\\u1ed9i c\\u1ee7a M88 Mansion, Maria Ozawa. Ch\\u00fang t\\u00f4i c\\u00f3 t\\u1ea5t c\\u1ea3 trong Ph\\u00f2ng c\\u1ee7a Maria.\",\"breadcrumb\":{\"@id\":\"https:\/\/mariaozawa.asia\/vn\/gallery\/#breadcrumb\"},\"inLanguage\":\"vi\",\"potentialAction\":[{\"@type\":\"ReadAction\",\"target\":[\"https:\/\/mariaozawa.asia\/vn\/gallery\/\"]}]},{\"@type\":\"BreadcrumbList\",\"@id\":\"https:\/\/mariaozawa.asia\/vn\/gallery\/#breadcrumb\",\"itemListElement\":[{\"@type\":\"ListItem\",\"position\":1,\"name\":\"Trang ch\\u1ee7\",\"item\":\"https:\/\/mariaozawa.asia\/vn\/\"},{\"@type\":\"ListItem\",\"position\":2,\"name\":\"Gallery\"}]}]}<\/script>\n<!-- \/ Yoast SEO plugin. -->","yoast_head_json":{"title":"Kho \u1ea3nh c\u1ee7a di\u1ec5n vi\u00ean phim ng\u01b0\u1eddi l\u1edbn Ch\u00e2u \u00c1 Maria Ozawa","description":"Xem v\u00e0 t\u1ea3i nh\u1eefng video c\u00f3 s\u1ef1 xu\u1ea5t hi\u1ec7n c\u1ee7a \u0111\u1ed1i t\u00e1c m\u1ea1ng x\u00e3 h\u1ed9i c\u1ee7a M88 Mansion, Maria Ozawa. Ch\u00fang t\u00f4i c\u00f3 t\u1ea5t c\u1ea3 trong Ph\u00f2ng c\u1ee7a Maria.","robots":{"index":"index","follow":"follow","max-snippet":"max-snippet:-1","max-image-preview":"max-image-preview:large","max-video-preview":"max-video-preview:-1"},"canonical":"https:\/\/mariaozawa.asia\/vn\/gallery\/","og_locale":"vi_VN","og_type":"article","og_title":"Kho \u1ea3nh c\u1ee7a di\u1ec5n vi\u00ean phim ng\u01b0\u1eddi l\u1edbn Ch\u00e2u \u00c1 Maria Ozawa","og_description":"Xem v\u00e0 t\u1ea3i nh\u1eefng video c\u00f3 s\u1ef1 xu\u1ea5t hi\u1ec7n c\u1ee7a \u0111\u1ed1i t\u00e1c m\u1ea1ng x\u00e3 h\u1ed9i c\u1ee7a M88 Mansion, Maria Ozawa. Ch\u00fang t\u00f4i c\u00f3 t\u1ea5t c\u1ea3 trong Ph\u00f2ng c\u1ee7a Maria.","og_url":"https:\/\/mariaozawa.asia\/vn\/gallery\/","og_site_name":"Maria&#039;s Diary","article_publisher":"https:\/\/www.facebook.com\/ozawamariaaa","article_modified_time":"2022-01-19T08:30:44+00:00","twitter_card":"summary_large_image","twitter_site":"@M88Malaysia","schema":{"@context":"https:\/\/schema.org","@graph":[{"@type":"Organization","@id":"https:\/\/mariaozawa.asia\/vn\/#organization","name":"Marias Room","url":"https:\/\/mariaozawa.asia\/vn\/","sameAs":["https:\/\/www.facebook.com\/ozawamariaaa","https:\/\/www.instagram.com\/m88malaysia","https:\/\/www.youtube.com\/channel\/UCuDK9Olj_sNaqLzSCyJkZKQ","https:\/\/twitter.com\/M88Malaysia"],"logo":{"@type":"ImageObject","@id":"https:\/\/mariaozawa.asia\/vn\/#logo","inLanguage":"vi","url":"https:\/\/mariaozawa.asia\/vn\/wp-content\/uploads\/2021\/12\/image_2021_12_01T01_27_04_311Z.png","contentUrl":"https:\/\/mariaozawa.asia\/vn\/wp-content\/uploads\/2021\/12\/image_2021_12_01T01_27_04_311Z.png","width":142,"height":78,"caption":"Marias Room"},"image":{"@id":"https:\/\/mariaozawa.asia\/vn\/#logo"}},{"@type":"WebSite","@id":"https:\/\/mariaozawa.asia\/vn\/#website","url":"https:\/\/mariaozawa.asia\/vn\/","name":"Maria&#039;s Diary","description":"V\u00e0o trang Maria Room v\u00e0 t\u00ecm hi\u1ec3u th\u00eam v\u1ec1 Maria Ozawa","publisher":{"@id":"https:\/\/mariaozawa.asia\/vn\/#organization"},"potentialAction":[{"@type":"SearchAction","target":{"@type":"EntryPoint","urlTemplate":"https:\/\/mariaozawa.asia\/vn\/?s={search_term_string}"},"query-input":"required name=search_term_string"}],"inLanguage":"vi"},{"@type":"WebPage","@id":"https:\/\/mariaozawa.asia\/vn\/gallery\/#webpage","url":"https:\/\/mariaozawa.asia\/vn\/gallery\/","name":"Kho \u1ea3nh c\u1ee7a di\u1ec5n vi\u00ean phim ng\u01b0\u1eddi l\u1edbn Ch\u00e2u \u00c1 Maria Ozawa","isPartOf":{"@id":"https:\/\/mariaozawa.asia\/vn\/#website"},"datePublished":"2021-11-28T15:08:14+00:00","dateModified":"2022-01-19T08:30:44+00:00","description":"Xem v\u00e0 t\u1ea3i nh\u1eefng video c\u00f3 s\u1ef1 xu\u1ea5t hi\u1ec7n c\u1ee7a \u0111\u1ed1i t\u00e1c m\u1ea1ng x\u00e3 h\u1ed9i c\u1ee7a M88 Mansion, Maria Ozawa. Ch\u00fang t\u00f4i c\u00f3 t\u1ea5t c\u1ea3 trong Ph\u00f2ng c\u1ee7a Maria.","breadcrumb":{"@id":"https:\/\/mariaozawa.asia\/vn\/gallery\/#breadcrumb"},"inLanguage":"vi","potentialAction":[{"@type":"ReadAction","target":["https:\/\/mariaozawa.asia\/vn\/gallery\/"]}]},{"@type":"BreadcrumbList","@id":"https:\/\/mariaozawa.asia\/vn\/gallery\/#breadcrumb","itemListElement":[{"@type":"ListItem","position":1,"name":"Trang ch\u1ee7","item":"https:\/\/mariaozawa.asia\/vn\/"},{"@type":"ListItem","position":2,"name":"Gallery"}]}]}},"_links":{"self":[{"href":"https:\/\/mariaozawa.asia\/vn\/wp-json\/wp\/v2\/pages\/88","targetHints":{"allow":["GET"]}}],"collection":[{"href":"https:\/\/mariaozawa.asia\/vn\/wp-json\/wp\/v2\/pages"}],"about":[{"href":"https:\/\/mariaozawa.asia\/vn\/wp-json\/wp\/v2\/types\/page"}],"author":[{"embeddable":true,"href":"https:\/\/mariaozawa.asia\/vn\/wp-json\/wp\/v2\/users\/1"}],"replies":[{"embeddable":true,"href":"https:\/\/mariaozawa.asia\/vn\/wp-json\/wp\/v2\/comments?post=88"}],"version-history":[{"count":1,"href":"https:\/\/mariaozawa.asia\/vn\/wp-json\/wp\/v2\/pages\/88\/revisions"}],"predecessor-version":[{"id":89,"href":"https:\/\/mariaozawa.asia\/vn\/wp-json\/wp\/v2\/pages\/88\/revisions\/89"}],"wp:attachment":[{"href":"https:\/\/mariaozawa.asia\/vn\/wp-json\/wp\/v2\/media?parent=88"}],"curies":[{"name":"wp","href":"https:\/\/api.w.org\/{rel}","templated":true}]}}